{"id":985,"date":"2017-05-21T11:03:53","date_gmt":"2017-05-21T09:03:53","guid":{"rendered":"http:\/\/www.ogretmenlerdernegi.gr\/?page_id=985"},"modified":"2017-05-21T11:03:53","modified_gmt":"2017-05-21T09:03:53","slug":"iletisim","status":"publish","type":"page","link":"https:\/\/ogretmenlerdernegi.gr\/?page_id=985","title":{"rendered":"\u0130LET\u0130\u015e\u0130M"},"content":{"rendered":"<p>RODOP EVROS \u0130LLER\u0130 S\u00d6PA MEZUNU \u00d6\u011eRETMENLER DERNE\u011e\u0130<\/p>\n<p>Adres bilgileri<\/p>\n<p><a href=\"https:\/\/www.google.gr\/maps\/@41.1188378,25.4065184,3a,75y,283.47h,103.36t\/data=!3m6!1e1!3m4!1sKUvnPSIq7eTy9y6dR1nJkQ!2e0!7i13312!8i6656\">Vasileos Pavlu 41, Cemaat Pasaj\u0131, 1. kat<\/a>,<\/p>\n<p>G\u00fcm\u00fclcine (Komotini)<\/p>\n<p>Telefon &amp; Faks: 25310 70565<\/p>\n<p>URL:<a href=\"http:\/\/ogretmenlerdernegi.gr\"> ogretmenlerdernegi.gr<\/a><\/p>\n<p>&nbsp;<\/p>\n<p>&nbsp;<\/p>\n","protected":false},"excerpt":{"rendered":"<p>RODOP EVROS \u0130LLER\u0130 S\u00d6PA MEZUNU \u00d6\u011eRETMENLER DERNE\u011e\u0130 Adres bilgileri Vasileos Pavlu 41, Cemaat Pasaj\u0131, 1. kat, G\u00fcm\u00fclcine (Komotini) Telefon &amp; Faks: 25310 70565 URL: ogretmenlerdernegi.gr &nbsp; &nbsp;<\/p>\n","protected":false},"author":1,"featured_media":0,"parent":0,"menu_order":0,"comment_status":"closed","ping_status":"open","template":"","meta":{"footnotes":""},"class_list":["post-985","page","type-page","status-publish","hentry"],"_links":{"self":[{"href":"https:\/\/ogretmenlerdernegi.gr\/index.php?rest_route=\/wp\/v2\/pages\/985","targetHints":{"allow":["GET"]}}],"collection":[{"href":"https:\/\/ogretmenlerdernegi.gr\/index.php?rest_route=\/wp\/v2\/pages"}],"about":[{"href":"https:\/\/ogretmenlerdernegi.gr\/index.php?rest_route=\/wp\/v2\/types\/page"}],"author":[{"embeddable":true,"href":"https:\/\/ogretmenlerdernegi.gr\/index.php?rest_route=\/wp\/v2\/users\/1"}],"replies":[{"embeddable":true,"href":"https:\/\/ogretmenlerdernegi.gr\/index.php?rest_route=%2Fwp%2Fv2%2Fcomments&post=985"}],"version-history":[{"count":0,"href":"https:\/\/ogretmenlerdernegi.gr\/index.php?rest_route=\/wp\/v2\/pages\/985\/revisions"}],"wp:attachment":[{"href":"https:\/\/ogretmenlerdernegi.gr\/index.php?rest_route=%2Fwp%2Fv2%2Fmedia&parent=985"}],"curies":[{"name":"wp","href":"https:\/\/api.w.org\/{rel}","templated":true}]}}