{"id":187,"date":"2012-12-09T19:52:47","date_gmt":"2012-12-09T19:52:47","guid":{"rendered":"http:\/\/reogrder.com\/?page_id=187"},"modified":"2012-12-09T19:52:47","modified_gmt":"2012-12-09T19:52:47","slug":"yayinlar-2","status":"publish","type":"page","link":"https:\/\/ogretmenlerdernegi.gr\/?page_id=187","title":{"rendered":"YAYINLAR"},"content":{"rendered":"<h6><\/h6>\n<p>&nbsp;<\/p>\n<h2><span style=\"color: #008000;\">Birlik Gazetesi 2016<\/span><\/h2>\n<p><img loading=\"lazy\" decoding=\"async\" class=\"wp-image-700 alignleft\" src=\"http:\/\/www.ogretmenlerdernegi.gr\/wp-content\/uploads\/2016\/03\/cropped-cropped-12742138_914963131957950_4211002804708292009_n-300x300.jpg\" alt=\"cropped-cropped-12742138_914963131957950_4211002804708292009_n.jpg\" width=\"121\" height=\"121\" \/><b><\/b><i><\/i><u><\/u><\/p>\n<p>&nbsp;<\/p>\n<h6>S\u00d6PA DERNEKLER\u0130&#8217;NDEN E\u011e\u0130T\u0130M \u00d6\u011eRET\u0130M YILI SONU MESAJI<br \/>\n\u00c7ar\u015famba, 15 Haziran 2016 20:27<br \/>\nRodop-Meri\u00e7 \u0130lleri Selanik \u00d6zel Pedagoji Akademisi Mezunu \u00d6\u011fretmenler Derne\u011fi ve \u0130ske\u00e7e \u0130li<br \/>\nS.\u00d6.P.A. Mezunu Az\u0131nl\u0131k Okullar\u0131 \u00d6\u011fretmenler Derne\u011fi<br \/>\n2015-2016 E\u011fitim \u00d6\u011fretim y\u0131l\u0131 sonu mesaj\u0131 yay\u0131nlad\u0131lar.<br \/>\nMESAJ<br \/>\nSayg\u0131de\u011fer meslekta\u015flar, k\u0131ymetli veliler ve sevgili \u00f6\u011frenciler,<br \/>\nBir E\u011fitim \u00d6\u011fretim Y\u0131l\u0131n\u0131 daha tamamlaman\u0131n huzur ve mutlulu\u011funu ya\u015f\u0131yoruz.<\/h6>\n<p><a href=\"http:\/\/www.birlikgazetesi.info\/haberler\/11728-2016-06-15-18-29-10.html\">devam\u0131n\u0131 oku<\/a><\/p>\n<address style=\"text-align: justify;\">\u00a0<\/address>\n<p style=\"text-align: justify;\">\n","protected":false},"excerpt":{"rendered":"<p>&nbsp; Birlik Gazetesi 2016 &nbsp; S\u00d6PA DERNEKLER\u0130&#8217;NDEN E\u011e\u0130T\u0130M \u00d6\u011eRET\u0130M YILI SONU MESAJI \u00c7ar\u015famba, 15 Haziran 2016 20:27 Rodop-Meri\u00e7 \u0130lleri Selanik \u00d6zel Pedagoji Akademisi Mezunu \u00d6\u011fretmenler Derne\u011fi ve \u0130ske\u00e7e \u0130li S.\u00d6.P.A. Mezunu Az\u0131nl\u0131k Okullar\u0131 \u00d6\u011fretmenler Derne\u011fi 2015-2016 E\u011fitim \u00d6\u011fretim y\u0131l\u0131 sonu mesaj\u0131 yay\u0131nlad\u0131lar. MESAJ Sayg\u0131de\u011fer meslekta\u015flar, k\u0131ymetli veliler ve sevgili \u00f6\u011frenciler, Bir E\u011fitim \u00d6\u011fretim Y\u0131l\u0131n\u0131 daha [&hellip;]<\/p>\n","protected":false},"author":1,"featured_media":0,"parent":0,"menu_order":0,"comment_status":"open","ping_status":"open","template":"","meta":{"footnotes":""},"class_list":["post-187","page","type-page","status-publish","hentry"],"_links":{"self":[{"href":"https:\/\/ogretmenlerdernegi.gr\/index.php?rest_route=\/wp\/v2\/pages\/187","targetHints":{"allow":["GET"]}}],"collection":[{"href":"https:\/\/ogretmenlerdernegi.gr\/index.php?rest_route=\/wp\/v2\/pages"}],"about":[{"href":"https:\/\/ogretmenlerdernegi.gr\/index.php?rest_route=\/wp\/v2\/types\/page"}],"author":[{"embeddable":true,"href":"https:\/\/ogretmenlerdernegi.gr\/index.php?rest_route=\/wp\/v2\/users\/1"}],"replies":[{"embeddable":true,"href":"https:\/\/ogretmenlerdernegi.gr\/index.php?rest_route=%2Fwp%2Fv2%2Fcomments&post=187"}],"version-history":[{"count":0,"href":"https:\/\/ogretmenlerdernegi.gr\/index.php?rest_route=\/wp\/v2\/pages\/187\/revisions"}],"wp:attachment":[{"href":"https:\/\/ogretmenlerdernegi.gr\/index.php?rest_route=%2Fwp%2Fv2%2Fmedia&parent=187"}],"curies":[{"name":"wp","href":"https:\/\/api.w.org\/{rel}","templated":true}]}}