{"id":176,"date":"2012-12-09T19:29:43","date_gmt":"2012-12-09T19:29:43","guid":{"rendered":"http:\/\/reogrder.com\/?page_id=176"},"modified":"2012-12-09T19:29:43","modified_gmt":"2012-12-09T19:29:43","slug":"fotograf-galerisi","status":"publish","type":"page","link":"https:\/\/ogretmenlerdernegi.gr\/?page_id=176","title":{"rendered":"FOTOGRAF GALER\u0130S\u0130"},"content":{"rendered":"<p>Nisan 2016<\/p>\n<p>S\u00fcriyeli s\u0131\u011f\u0131nmac\u0131lara y\u00f6nelik yard\u0131m organizasyonu<\/p>\n<p>&nbsp;<\/p>\n<p><a href=\"http:\/\/www.ogretmenlerdernegi.gr\/fotograf-galerisi\/nisan-2016da-sisinmacilara-yardim-topladik.html\"><img loading=\"lazy\" decoding=\"async\" class=\"alignnone wp-image-756 size-large\" style=\"background-color: transparent; border-image-outset: 0; border-image-repeat: stretch; border-image-slice: 100%; border-image-source: none; border-image-width: 1; color: #1a1a1a; font-family: Merriweather,Georgia,serif; font-size: 16px; font-style: normal; font-variant: normal; font-weight: 400; height: 571.68px; letter-spacing: normal; max-width: 762.25px; orphans: 2; outline-color: #72777c; outline-style: solid; outline-width: 1px; text-align: left; text-decoration: none; text-indent: 0px; text-transform: none; vertical-align: middle; -webkit-text-stroke-width: 0px; white-space: normal; word-spacing: 0px; border: 0px none #1a1a1a;\" src=\"http:\/\/www.ogretmenlerdernegi.gr\/wp-content\/uploads\/2012\/12\/20160319_154128-1024x768.jpg\" alt=\"20160319_154128\" width=\"840\" height=\"630\" \/><\/a><b><\/b><i><\/i><u><\/u><\/p>\n<p>2017 y\u0131l\u0131 ramazan\u0131nda \u0130ske\u00e7e ili karde\u015f derne\u011fiyle ortakla\u015fa iftar yeme\u011fi tertip ettik. \u0130ftar\u0131m\u0131za kat\u0131l\u0131m memnuniyet verici olmu\u015ftur. Bu \u00e7er\u00e7evede yap\u0131lan konu\u015fmalarda Az\u0131nl\u0131k e\u011fitimi hakk\u0131nda \u00f6nemli mesajlar verilmi\u015f, kurum ve kurulu\u015flar aras\u0131ndaki dayan\u0131\u015fman\u0131n \u00f6nemine vurgu yap\u0131lm\u0131\u015ft\u0131r.<\/p>\n<p><a href=\"http:\/\/www.ogretmenlerdernegi.gr\/fotograf-galerisi\/kardes-iskece-dernegiyle-ortaklasa-verilen-iftar.html\"><img loading=\"lazy\" decoding=\"async\" class=\"alignnone wp-image-866 size-full\" src=\"http:\/\/www.ogretmenlerdernegi.gr\/wp-content\/uploads\/2016\/06\/13511511_10154383148309916_357680403_n-1.jpg\" alt=\"\" width=\"960\" height=\"720\" \/><\/a><\/p>\n<p>&nbsp;<\/p>\n","protected":false},"excerpt":{"rendered":"<p>Nisan 2016 S\u00fcriyeli s\u0131\u011f\u0131nmac\u0131lara y\u00f6nelik yard\u0131m organizasyonu &nbsp; 2017 y\u0131l\u0131 ramazan\u0131nda \u0130ske\u00e7e ili karde\u015f derne\u011fiyle ortakla\u015fa iftar yeme\u011fi tertip ettik. \u0130ftar\u0131m\u0131za kat\u0131l\u0131m memnuniyet verici olmu\u015ftur. Bu \u00e7er\u00e7evede yap\u0131lan konu\u015fmalarda Az\u0131nl\u0131k e\u011fitimi hakk\u0131nda \u00f6nemli mesajlar verilmi\u015f, kurum ve kurulu\u015flar aras\u0131ndaki dayan\u0131\u015fman\u0131n \u00f6nemine vurgu yap\u0131lm\u0131\u015ft\u0131r. &nbsp;<\/p>\n","protected":false},"author":1,"featured_media":700,"parent":0,"menu_order":0,"comment_status":"open","ping_status":"open","template":"","meta":{"footnotes":""},"class_list":["post-176","page","type-page","status-publish","has-post-thumbnail","hentry"],"_links":{"self":[{"href":"https:\/\/ogretmenlerdernegi.gr\/index.php?rest_route=\/wp\/v2\/pages\/176","targetHints":{"allow":["GET"]}}],"collection":[{"href":"https:\/\/ogretmenlerdernegi.gr\/index.php?rest_route=\/wp\/v2\/pages"}],"about":[{"href":"https:\/\/ogretmenlerdernegi.gr\/index.php?rest_route=\/wp\/v2\/types\/page"}],"author":[{"embeddable":true,"href":"https:\/\/ogretmenlerdernegi.gr\/index.php?rest_route=\/wp\/v2\/users\/1"}],"replies":[{"embeddable":true,"href":"https:\/\/ogretmenlerdernegi.gr\/index.php?rest_route=%2Fwp%2Fv2%2Fcomments&post=176"}],"version-history":[{"count":0,"href":"https:\/\/ogretmenlerdernegi.gr\/index.php?rest_route=\/wp\/v2\/pages\/176\/revisions"}],"wp:featuredmedia":[{"embeddable":true,"href":"https:\/\/ogretmenlerdernegi.gr\/index.php?rest_route=\/"}],"wp:attachment":[{"href":"https:\/\/ogretmenlerdernegi.gr\/index.php?rest_route=%2Fwp%2Fv2%2Fmedia&parent=176"}],"curies":[{"name":"wp","href":"https:\/\/api.w.org\/{rel}","templated":true}]}}