{"id":1228,"date":"2018-02-22T13:38:37","date_gmt":"2018-02-22T11:38:37","guid":{"rendered":"http:\/\/www.ogretmenlerdernegi.gr\/?page_id=1228"},"modified":"2025-12-31T19:50:43","modified_gmt":"2025-12-31T16:50:43","slug":"ders-dosyalari","status":"publish","type":"page","link":"https:\/\/ogretmenlerdernegi.gr\/?page_id=1228","title":{"rendered":"DERS DOSYALARI"},"content":{"rendered":"\n<p>Bat\u0131 Trakya Az\u0131nl\u0131k \u0130lkokullar\u0131nda T\u00fcrkiye ve Yunanistan aras\u0131nda imzalanm\u0131\u015f K\u00fclt\u00fcr Protokolleri gere\u011fince T\u00fcrkiye&#8217;den g\u00f6nderilen ders kitaplar\u0131n\u0131n elektronik ortama aktar\u0131lm\u0131\u015f halde Bt Az\u0131nl\u0131k okullar\u0131nda g\u00f6rev yapan \u00f6\u011fretmenlerimizin hizmetine sunuyoruz.<\/p>\n\n\n\n<h2 class=\"wp-block-heading\"><a href=\"https:\/\/docs.google.com\/document\/d\/1jE3ZbGZDgAUVKsnaqSD-Co13sWVPhK2j\/edit?usp=sharing&amp;ouid=105421607873908123142&amp;rtpof=true&amp;sd=true\">K\u0130TAPLAR<\/a><\/h2>\n\n\n\n\n\n<figure class=\"wp-block-image size-full\"><a href=\"https:\/\/drive.google.com\/file\/d\/1057egNpk47ck0tDNgU1Ncoeji34eSjvd\/view?usp=drive_link\"><img loading=\"lazy\" decoding=\"async\" width=\"573\" height=\"624\" src=\"https:\/\/ogretmenlerdernegi.gr\/wp-content\/uploads\/2025\/12\/GorselKitap.jpg\" alt=\"\" class=\"wp-image-3759\" srcset=\"https:\/\/ogretmenlerdernegi.gr\/wp-content\/uploads\/2025\/12\/GorselKitap.jpg 573w, https:\/\/ogretmenlerdernegi.gr\/wp-content\/uploads\/2025\/12\/GorselKitap-275x300.jpg 275w\" sizes=\"auto, (max-width: 573px) 100vw, 573px\" \/><\/a><\/figure>\n","protected":false},"excerpt":{"rendered":"<p>Bat\u0131 Trakya Az\u0131nl\u0131k \u0130lkokullar\u0131nda T\u00fcrkiye ve Yunanistan aras\u0131nda imzalanm\u0131\u015f K\u00fclt\u00fcr Protokolleri gere\u011fince T\u00fcrkiye&#8217;den g\u00f6nderilen ders kitaplar\u0131n\u0131n elektronik ortama aktar\u0131lm\u0131\u015f halde Bt Az\u0131nl\u0131k okullar\u0131nda g\u00f6rev yapan \u00f6\u011fretmenlerimizin hizmetine sunuyoruz. K\u0130TAPLAR<\/p>\n","protected":false},"author":1,"featured_media":1229,"parent":0,"menu_order":0,"comment_status":"open","ping_status":"open","template":"","meta":{"footnotes":""},"class_list":["post-1228","page","type-page","status-publish","has-post-thumbnail","hentry"],"_links":{"self":[{"href":"https:\/\/ogretmenlerdernegi.gr\/index.php?rest_route=\/wp\/v2\/pages\/1228","targetHints":{"allow":["GET"]}}],"collection":[{"href":"https:\/\/ogretmenlerdernegi.gr\/index.php?rest_route=\/wp\/v2\/pages"}],"about":[{"href":"https:\/\/ogretmenlerdernegi.gr\/index.php?rest_route=\/wp\/v2\/types\/page"}],"author":[{"embeddable":true,"href":"https:\/\/ogretmenlerdernegi.gr\/index.php?rest_route=\/wp\/v2\/users\/1"}],"replies":[{"embeddable":true,"href":"https:\/\/ogretmenlerdernegi.gr\/index.php?rest_route=%2Fwp%2Fv2%2Fcomments&post=1228"}],"version-history":[{"count":4,"href":"https:\/\/ogretmenlerdernegi.gr\/index.php?rest_route=\/wp\/v2\/pages\/1228\/revisions"}],"predecessor-version":[{"id":3761,"href":"https:\/\/ogretmenlerdernegi.gr\/index.php?rest_route=\/wp\/v2\/pages\/1228\/revisions\/3761"}],"wp:featuredmedia":[{"embeddable":true,"href":"https:\/\/ogretmenlerdernegi.gr\/index.php?rest_route=\/"}],"wp:attachment":[{"href":"https:\/\/ogretmenlerdernegi.gr\/index.php?rest_route=%2Fwp%2Fv2%2Fmedia&parent=1228"}],"curies":[{"name":"wp","href":"https:\/\/api.w.org\/{rel}","templated":true}]}}