{"id":1197,"date":"2018-02-18T17:49:47","date_gmt":"2018-02-18T15:49:47","guid":{"rendered":"http:\/\/www.ogretmenlerdernegi.gr\/?page_id=1197"},"modified":"2025-12-22T21:08:24","modified_gmt":"2025-12-22T18:08:24","slug":"yonetim-kadromuz","status":"publish","type":"page","link":"https:\/\/ogretmenlerdernegi.gr\/?page_id=1197","title":{"rendered":"Y\u00d6NET\u0130M KADROMUZ"},"content":{"rendered":"\n<figure class=\"wp-block-table is-style-regular\"><table><tbody><tr><td><strong><span class=\"has-inline-color has-vivid-red-color\">ADI SOYAD<\/span><\/strong>I<\/td><td><strong><span class=\"has-inline-color has-vivid-red-color\">G\u00d6REV\u0130<\/span><\/strong><\/td><td><strong><span class=\"has-inline-color has-vivid-red-color\">\u00c7ALI\u015eTI\u011eI AZINLIK \u0130LKOKULU<\/span><\/strong><\/td><\/tr><tr><td>\u0130dris HASAN<\/td><td>Ba\u015fkan<\/td><td>G\u00fcm\u00fclcine (Komotini) 3. Az\u0131nl\u0131k \u0130lkokulu<\/td><\/tr><tr><td>Mehmet S\u00fcleyman \u00c7olak<\/td><td>Asba\u015fkan<\/td><td>\u015eap\u00e7\u0131 (Sapes) Az\u0131nl\u0131k \u0130lkokulu<\/td><\/tr><tr><td>Hakk\u0131 HACI<\/td><td>Genel Sekreter<\/td><td>Kurcal\u0131 (Likio) Az\u0131nl\u0131k \u0130lkokulu<\/td><\/tr><tr><td>\u0130brahim MUSTAFA<\/td><td>Sayman<\/td><td>Hac\u0131k\u00f6y (Agiohori) Az\u0131nl\u0131k \u0130lkokulu<\/td><\/tr><tr><td>Ahmet CAFER<\/td><td>\u00dcye<\/td><td>G\u00fcm\u00fclcine (Komotini) 3. Az\u0131nl\u0131k \u0130lkokulu<\/td><\/tr><tr><td>Mehmet TOPAL M.<\/td><td>\u00dcye<\/td><td>Bulatk\u00f6y (Asomati) Az\u0131nl\u0131k \u0130lkokulu<\/td><\/tr><tr><td>Ridvan DEL\u0130 HASAN<\/td><td>\u00dcye<\/td><td>Kurcal\u0131 (Likio) Az\u0131nl\u0131k \u0130lkokulu<\/td><\/tr><\/tbody><\/table><\/figure>\n\n\n\n<p><em>Tabloda, \u015eubat 2024 Genel Kurulunda yap\u0131lan se\u00e7imle g\u00f6reve gelen 2024-20215 d\u00f6nemi y\u00f6netim kurulumuz yer almaktad\u0131r.<\/em><\/p>\n","protected":false},"excerpt":{"rendered":"<p>ADI SOYADI G\u00d6REV\u0130 \u00c7ALI\u015eTI\u011eI AZINLIK \u0130LKOKULU \u0130dris HASAN Ba\u015fkan G\u00fcm\u00fclcine (Komotini) 3. Az\u0131nl\u0131k \u0130lkokulu Mehmet S\u00fcleyman \u00c7olak Asba\u015fkan \u015eap\u00e7\u0131 (Sapes) Az\u0131nl\u0131k \u0130lkokulu Hakk\u0131 HACI Genel Sekreter Kurcal\u0131 (Likio) Az\u0131nl\u0131k \u0130lkokulu \u0130brahim MUSTAFA Sayman Hac\u0131k\u00f6y (Agiohori) Az\u0131nl\u0131k \u0130lkokulu Ahmet CAFER \u00dcye G\u00fcm\u00fclcine (Komotini) 3. Az\u0131nl\u0131k \u0130lkokulu Mehmet TOPAL M. \u00dcye Bulatk\u00f6y (Asomati) Az\u0131nl\u0131k \u0130lkokulu Ridvan DEL\u0130 [&hellip;]<\/p>\n","protected":false},"author":1,"featured_media":3747,"parent":0,"menu_order":0,"comment_status":"closed","ping_status":"open","template":"","meta":{"footnotes":""},"class_list":["post-1197","page","type-page","status-publish","has-post-thumbnail","hentry"],"_links":{"self":[{"href":"https:\/\/ogretmenlerdernegi.gr\/index.php?rest_route=\/wp\/v2\/pages\/1197","targetHints":{"allow":["GET"]}}],"collection":[{"href":"https:\/\/ogretmenlerdernegi.gr\/index.php?rest_route=\/wp\/v2\/pages"}],"about":[{"href":"https:\/\/ogretmenlerdernegi.gr\/index.php?rest_route=\/wp\/v2\/types\/page"}],"author":[{"embeddable":true,"href":"https:\/\/ogretmenlerdernegi.gr\/index.php?rest_route=\/wp\/v2\/users\/1"}],"replies":[{"embeddable":true,"href":"https:\/\/ogretmenlerdernegi.gr\/index.php?rest_route=%2Fwp%2Fv2%2Fcomments&post=1197"}],"version-history":[{"count":1,"href":"https:\/\/ogretmenlerdernegi.gr\/index.php?rest_route=\/wp\/v2\/pages\/1197\/revisions"}],"predecessor-version":[{"id":3746,"href":"https:\/\/ogretmenlerdernegi.gr\/index.php?rest_route=\/wp\/v2\/pages\/1197\/revisions\/3746"}],"wp:featuredmedia":[{"embeddable":true,"href":"https:\/\/ogretmenlerdernegi.gr\/index.php?rest_route=\/wp\/v2\/media\/3747"}],"wp:attachment":[{"href":"https:\/\/ogretmenlerdernegi.gr\/index.php?rest_route=%2Fwp%2Fv2%2Fmedia&parent=1197"}],"curies":[{"name":"wp","href":"https:\/\/api.w.org\/{rel}","templated":true}]}}